{"id":17,"date":"2022-07-28T19:12:10","date_gmt":"2022-07-28T19:12:10","guid":{"rendered":"https:\/\/kapitexpaint.com\/?page_id=17"},"modified":"2022-12-11T13:57:36","modified_gmt":"2022-12-11T13:57:36","slug":"gioi-thieu","status":"publish","type":"page","link":"https:\/\/kapitexpaint.com\/index.php\/gioi-thieu\/","title":{"rendered":"Gi\u1edbi thi\u1ec7u"},"content":{"rendered":"\n<p>C\u00f4ng ty S\u01a1n LI\u00caN DOANH VI\u1ec6T NH\u1eacT ch\u00fang t\u00f4i xin k\u00ednh ch\u00e0o c\u00e1c b\u1ea1n, qu\u00fd kh\u00e1ch h\u00e0ng. V\u1edbi th\u1eddi gian d\u00e0i, d\u00e0y c\u00f4ng t\u00ecm t\u00f2i, nghi\u00ean c\u1ee9u c\u1ee7a \u0111\u1ed9i ng\u0169 c\u00e1n b\u1ed9, k\u1ef9 s\u01b0 c\u00f3 tr\u00ecnh \u0111\u1ed9 chuy\u00ean m\u00f4n cao v\u1ec1 h\u00f3a- sinh v\u00e0 \u0111\u1eb7c bi\u1ec7t l\u00e0 s\u1ef1 gi\u00fap \u0111\u1ee1, h\u1ee3p t\u00e1c c\u1ee7a c\u00e1c b\u1ea1n k\u1ef9 s\u01b0, chuy\u00ean gia h\u00e0ng \u0111\u1ea7u Nh\u1eadt B\u1ea3n. C\u00f4ng ty ch\u00fang t\u00f4i \u0111\u00e3 cho ra s\u1ea3n ph\u1ea9m S\u01a0N V\u00c0 CH\u1ed0NG TH\u1ea4M KAPITEX. V\u1edbi c\u00f4ng ngh\u1ec7 \u0111\u1ed9t ph\u00e1 Nano s\u1ea3n ph\u1ea9m S\u01a0N V\u00c0 CH\u1ed0NG TH\u1ea4M KAPITEX c\u1ee7a C\u00f4ng ty ch\u00fang t\u00f4i \u0111\u00e3 \u0111\u01b0\u1ee3c th\u1ea9m \u0111\u1ecbnh, ki\u1ec3m tra \u0111\u1ea3m b\u1ea3o ch\u00ednh x\u00e1c c\u00e1c ti\u00eau chu\u1ea9n, ti\u00eau ch\u00ed theo quy tr\u00ecnh nghi\u00eam ng\u1eb7t. m\u1eb7c d\u00f9 c\u00f2n nhi\u1ec1u kh\u00f3 kh\u0103n nh\u01b0ng v\u1edbi tinh th\u1ea7n \u0111o\u00e0n k\u1ebft, d\u00e1m ngh\u0129, d\u00e1m l\u00e0m, d\u00e1m ch\u1ecbu tr\u00e1ch nhi\u1ec7m.<\/p>\n\n\n\n<figure class=\"wp-block-image size-full\"><img loading=\"lazy\" decoding=\"async\" width=\"645\" height=\"814\" src=\"http:\/\/kapitexpaint.com\/wp-content\/uploads\/2022\/12\/z3948264397749_514adfc8f24d4f5f673810c6ad11507a-1.jpg\" alt=\"\" class=\"wp-image-415\" srcset=\"https:\/\/kapitexpaint.com\/wp-content\/uploads\/2022\/12\/z3948264397749_514adfc8f24d4f5f673810c6ad11507a-1.jpg 645w, https:\/\/kapitexpaint.com\/wp-content\/uploads\/2022\/12\/z3948264397749_514adfc8f24d4f5f673810c6ad11507a-1-238x300.jpg 238w\" sizes=\"(max-width: 645px) 100vw, 645px\" \/><\/figure>\n\n\n\n<p>Ch\u00fang t\u00f4i tin t\u01b0\u1edfng s\u1ea3n ph\u1ea9m S\u01a0N V\u00c0 CH\u1ed0NG TH\u1ea4M KAPITEX l\u00e0m h\u00e0i l\u00f2ng c\u00e1c b\u1ea1n tr\u00ean ti\u00eau ch\u00ed c\u1ee7a m\u1ed9t s\u1ea3n ph\u1ea9m s\u01a1n cao c\u1ea5p, ch\u1ea5t l\u01b0\u1ee3ng. C\u00f4ng ty ch\u00fang t\u00f4i lu\u00f4n mong mu\u1ed1n mang cho qu\u00fd kh\u00e1ch h\u00e0ng, ng\u01b0\u1eddi ti\u00eau d\u00f9ng m\u1ed9t s\u1ea3n ph\u1ea9m ch\u1ea5t l\u01b0\u1ee3ng, gi\u00e1 th\u00e0nh h\u1ee3p l\u00fd, ph\u00f9 h\u1ee3p v\u1edbi \u0111i\u1ec1u ki\u1ec7n kh\u00ed h\u1eadu, th\u1eddi ti\u1ebft nhi\u1ec7t \u0111\u1edbi gi\u00f3 m\u00f9a, n\u00f3ng \u1ea9m m\u01b0a nhi\u1ec1u c\u1ee7a Vi\u1ec7t Nam ch\u00fang ta. Ch\u00fang t\u00f4i mong mu\u1ed1n \u0111\u01b0\u1ee3c s\u1ef1 h\u1ee3p t\u00e1c v\u1edbi c\u00e1c b\u1ea1n \u0111\u1ec3 c\u00f9ng t\u00f4 th\u1eafm cho nh\u1eefng ng\u00f4i nh\u00e0 VI\u1ec6T.<\/p>\n\n\n\n<p>V\u1edbi ph\u01b0\u01a1ng ch\u00e2m \u0111i c\u00f9ng tr\u00e1ch nhi\u1ec7m, kinh doanh hi\u1ec7u qu\u1ea3, n\u1ed9i b\u1ed9 \u0111o\u00e0n k\u1ebft, t\u1ea5t c\u1ea3 v\u00ec m\u1ee5c ti\u00eau x\u00e2y d\u1ef1ng c\u00f4ng ty ng\u00e0y m\u1ed9t \u0111i l\u00ean v\u00e0 ph\u00e1t tri\u1ec3n v\u1eefng m\u1ea1nh, mang l\u1ea1i cu\u1ed9c s\u1ed1ng t\u1ed1t \u0111\u1eb9p cho to\u00e0n th\u1ec3 c\u00e1n b\u1ed9 CB-CNV. L\u00e0 \u0111\u1ed9ng l\u1ef1c th\u00f4i th\u00fac \u00fd ch\u00ed c\u1ee7a m\u1ed7i c\u00e1 nh\u00e2n trong C\u00f4ng ty ch\u00fang t\u00f4i. V\u1edbi ti\u00eau ch\u00ed v\u00e0 mong mu\u1ed1n x\u00e2y d\u1ef1ng m\u1ed9t s\u1ea3n ph\u1ea9m S\u01a0N V\u00c0 CH\u1ed0NG TH\u1ea4M th\u01b0\u01a1ng hi\u1ec7u ng\u01b0\u1eddi Vi\u1ec7t, v\u1edbi c\u00f4ng ngh\u1ec7 ti\u00ean ti\u1ebfn, hi\u1ec7n \u0111\u1ea1i v\u00e0 quan tr\u1ecdng l\u00e0 mang \u0111\u1ebfn cho ng\u00f4i nh\u00e0 b\u1ea1n v\u1ebb \u0111\u1eb9p ho\u00e0n m\u1ef9, \u1ea5m c\u00fang, h\u1ea1nh ph\u00fac, l\u00e0 n\u01a1i m\u00e0 c\u00e1c b\u1ea1n lu\u00f4n mong mu\u1ed1n tr\u1edf th\u00e0nh.S\u1ea3n ph\u1ea9m S\u01a0N V\u00c0 CH\u1ed0NG TH\u1ea4M KAPITEX c\u1ee7a c\u00f4ng ty ch\u00fang t\u00f4i \u0111\u00e3 \u0111\u01b0\u1ee3c ki\u1ec3m \u0111\u1ecbnh qua th\u1eddi gian d\u00e0i th\u1ef1c ti\u1ec5n. V\u1edbi ni\u1ec1m tin v\u1eefng ch\u1eafc, s\u1ef1 chu\u1ea9n b\u1ecb chu \u0111\u00e1o, \u0111\u1ea7y \u0111\u1ee7 trong m\u1ed9t t\u1ea7m nh\u00ecn xa k\u1ebft h\u1ee3p v\u1edbi t\u00edch l\u0169y b\u1ec1 d\u00e0y kinh nghi\u1ec7m \u0111\u1ea7u t\u01b0 v\u00e0 kinh doanh, ch\u00fang t\u00f4i \u0111ang n\u1ed7 l\u1ef1c kh\u00f4ng ng\u1eebng \u0111\u1ec3 ng\u00e0y c\u00e0ng l\u1edbn m\u1ea1nh, ph\u00e1t tri\u1ec3n b\u1ec1n v\u1eefng tr\u1edf th\u00e0nh C\u00f4ng ty c\u00f3 th\u01b0\u01a1ng hi\u1ec7u d\u1eabn \u0111\u1ea7u. C\u00f4ng ty ch\u00fang t\u00f4i r\u1ea5t mong \u0111\u01b0\u1ee3c s\u1ef1 h\u1ee3p t\u00e1c v\u1edbi t\u1ea5t c\u1ea3 c\u00e1c b\u1ea1n, qu\u00fd kh\u00e1ch h\u00e0ng c\u00f3 nhu c\u1ea7u kinh doanh, ph\u00e1t tri\u1ec3n \u0111\u1ea1i l\u00fd, nh\u00e0 ph\u00e2n ph\u1ed1i,&#8230; tr\u00ean to\u00e0n qu\u1ed1c. Ch\u00fang t\u00f4i cam k\u1ebft h\u1ed7 tr\u1ee3 c\u00f9ng c\u00e1c b\u1ea1n n\u1eafm tay nhau ph\u00e1t tri\u1ec3n b\u1ec1n v\u1eefng, l\u00e2u d\u00e0i v\u00ec m\u1ed9t s\u1ea3n ph\u1ea9m mang th\u01b0\u01a1ng hi\u1ec7u ng\u01b0\u1eddi Vi\u1ec7t Nam. <a>Li\u00ean h\u1ec7: 0985555870 &#8211; 0977362755. WEBSITE: <\/a><a href=\"http:\/\/WWW.KAPITEXPAINT.COM\">WWW.KAPITEXPAINT.COM<\/a><a> &#8211; <\/a><a href=\"http:\/\/WWW.kapitexpaint.com\">WWW.kapitexpaint.com<\/a><\/p>\n\n\n\n<p><a>M\u1ed9t l\u1ea7n n\u1eefa xin g\u1eedi \u0111\u1ebfn t\u1ea5t c\u1ea3 c\u00e1c Qu\u00fd v\u1ecb l\u1eddi c\u1ea3m \u01a1n s\u00e2u s\u1eafc nh\u1ea5t!&nbsp;<\/a><\/p>\n","protected":false},"excerpt":{"rendered":"<p>C\u00f4ng ty S\u01a1n LI\u00caN DOANH VI\u1ec6T NH\u1eacT ch\u00fang t\u00f4i xin k\u00ednh ch\u00e0o c\u00e1c b\u1ea1n, qu\u00fd kh\u00e1ch h\u00e0ng. V\u1edbi th\u1eddi gian d\u00e0i, d\u00e0y c\u00f4ng t\u00ecm t\u00f2i, nghi\u00ean c\u1ee9u c\u1ee7a \u0111\u1ed9i ng\u0169 c\u00e1n b\u1ed9, k\u1ef9 s\u01b0 c\u00f3 tr\u00ecnh \u0111\u1ed9 chuy\u00ean m\u00f4n cao v\u1ec1 h\u00f3a- sinh v\u00e0 \u0111\u1eb7c bi\u1ec7t l\u00e0 s\u1ef1 gi\u00fap \u0111\u1ee1, h\u1ee3p t\u00e1c c\u1ee7a c\u00e1c b\u1ea1n k\u1ef9 s\u01b0, chuy\u00ean gia h\u00e0ng \u0111\u1ea7u Nh\u1eadt B\u1ea3n. C\u00f4ng ty ch\u00fang t\u00f4i \u0111\u00e3 cho ra s\u1ea3n ph\u1ea9m S\u01a0N V\u00c0 CH\u1ed0NG TH\u1ea4M KAPITEX. V\u1edbi c\u00f4ng ngh\u1ec7 \u0111\u1ed9t ph\u00e1 Nano s\u1ea3n ph\u1ea9m S\u01a0N V\u00c0 CH\u1ed0NG TH\u1ea4M KAPITEX c\u1ee7a C\u00f4ng ty ch\u00fang t\u00f4i \u0111\u00e3 \u0111\u01b0\u1ee3c th\u1ea9m \u0111\u1ecbnh, ki\u1ec3m<\/p>\n","protected":false},"author":1,"featured_media":0,"parent":0,"menu_order":0,"comment_status":"closed","ping_status":"closed","template":"","meta":{"om_disable_all_campaigns":false,"_monsterinsights_skip_tracking":false,"_monsterinsights_sitenote_active":false,"_monsterinsights_sitenote_note":"","_monsterinsights_sitenote_category":0,"footnotes":""},"aioseo_notices":[],"_links":{"self":[{"href":"https:\/\/kapitexpaint.com\/index.php\/wp-json\/wp\/v2\/pages\/17"}],"collection":[{"href":"https:\/\/kapitexpaint.com\/index.php\/wp-json\/wp\/v2\/pages"}],"about":[{"href":"https:\/\/kapitexpaint.com\/index.php\/wp-json\/wp\/v2\/types\/page"}],"author":[{"embeddable":true,"href":"https:\/\/kapitexpaint.com\/index.php\/wp-json\/wp\/v2\/users\/1"}],"replies":[{"embeddable":true,"href":"https:\/\/kapitexpaint.com\/index.php\/wp-json\/wp\/v2\/comments?post=17"}],"version-history":[{"count":2,"href":"https:\/\/kapitexpaint.com\/index.php\/wp-json\/wp\/v2\/pages\/17\/revisions"}],"predecessor-version":[{"id":420,"href":"https:\/\/kapitexpaint.com\/index.php\/wp-json\/wp\/v2\/pages\/17\/revisions\/420"}],"wp:attachment":[{"href":"https:\/\/kapitexpaint.com\/index.php\/wp-json\/wp\/v2\/media?parent=17"}],"curies":[{"name":"wp","href":"https:\/\/api.w.org\/{rel}","templated":true}]}}