{"id":49,"date":"2022-07-29T02:14:51","date_gmt":"2022-07-29T02:14:51","guid":{"rendered":"https:\/\/kapitexpaint.com\/?page_id=49"},"modified":"2022-08-14T18:00:35","modified_gmt":"2022-08-14T18:00:35","slug":"mau-sac","status":"publish","type":"page","link":"https:\/\/kapitexpaint.com\/index.php\/mau-sac\/","title":{"rendered":"M\u00e0u s\u1eafc"},"content":{"rendered":"\n<p>&nbsp;&nbsp;&nbsp;&nbsp;&nbsp;&nbsp;&nbsp;&nbsp;&nbsp;&nbsp;&nbsp; Ng\u00e2n h\u00e0ng m\u00e0u s\u1eafc phong ph\u00fa c\u00f9ng b\u1ea3ng m\u00e0u th\u1ef1c t\u1ebf ch\u00e2n th\u1ef1c ch\u1eafc ch\u1eafn s\u1ebd mang l\u1ea1i c\u00e1i nh\u00ecn chi ti\u1ebft nh\u1ea5t cho s\u1ef1 l\u1ef1a ch\u1ecdn m\u00e0u s\u1eafc t\u01b0\u01a1ng \u1ee9ng v\u1edbi t\u1eebng s\u1ea3n ph\u1ea9m s\u01a1n KAPITEX. V\u01a1i h\u00e0ng ngh\u00e0n m\u00e3 m\u00e0u ch\u00fang t\u00f4i tin t\u01b0\u1edfng B\u1ea3ng m\u00e0u s\u01a1n <a>KAPITEX<\/a> ch\u1eafc ch\u1eafn s\u1ebd mang l\u1ea1i s\u1ef1 l\u1ef1a ch\u1ecdn ho\u00e0n h\u1ea3o nh\u1ea5t cho gi\u1ea3i ph\u00e1p trang tr\u00ed c\u1ee7a b\u1ea1n<\/p>\n\n\n\n<figure class=\"wp-block-image size-large is-resized\"><img loading=\"lazy\" decoding=\"async\" src=\"https:\/\/kapitexpaint.com\/wp-content\/uploads\/2022\/08\/bang-mau-son-nha-dep-1-1024x755.jpg\" alt=\"\" class=\"wp-image-188\" width=\"864\" height=\"637\" srcset=\"https:\/\/kapitexpaint.com\/wp-content\/uploads\/2022\/08\/bang-mau-son-nha-dep-1-1024x755.jpg 1024w, https:\/\/kapitexpaint.com\/wp-content\/uploads\/2022\/08\/bang-mau-son-nha-dep-1-300x221.jpg 300w, https:\/\/kapitexpaint.com\/wp-content\/uploads\/2022\/08\/bang-mau-son-nha-dep-1-768x566.jpg 768w, https:\/\/kapitexpaint.com\/wp-content\/uploads\/2022\/08\/bang-mau-son-nha-dep-1-1536x1133.jpg 1536w, https:\/\/kapitexpaint.com\/wp-content\/uploads\/2022\/08\/bang-mau-son-nha-dep-1.jpg 1600w\" sizes=\"(max-width: 864px) 100vw, 864px\" \/><\/figure>\n\n\n\n<p><strong><u>B\u1ea3ng m\u00e3 m\u00e0u s\u01a1n ch\u1ed1ng th\u1ea5m KAPITEX<\/u><\/strong><\/p>\n\n\n\n<p>S\u01a1n Ch\u1ed1ng th\u1ea5m &nbsp;KAPITEX &nbsp;c\u00f3&nbsp;h\u00e0ng ngh\u00ecn s\u1eafc m\u00e0u cho c\u00e1c b\u1ea1n l\u1ef1a chon theo s\u1edf th\u00edch, theo phong th\u1ee7y m\u00e0 c\u00e1c b\u1ea1n mong mu\u1ed1n. \u0110\u1ebfn v\u1edbi s\u1ea3n ph\u1ea9m s\u01a1n ch\u1ed1ng th\u1ea5m KAPITEX&nbsp; c\u1ee7a c\u00f4ng ty chung t\u00f4i b\u1ea1n s\u1ebd \u0111\u01b0\u1ee3c c\u1ea3m nh\u1eadn s\u1ef1 h\u00e0i l\u00f2ng, \u0111a d\u1ea1ng v\u1ec1 m\u00e0u s\u1eafc (. L\u01b0u \u00fd: S\u01a1n ch\u1ed1ng th\u1ea5m KAPITEXkh\u00f4ng pha m\u00e0u b\u1eb1ng m\u00e1y vi t\u00ednh \u0111\u01b0\u1ee3c)<\/p>\n\n\n\n<p>(\u1ea3nh b\u1ea3ng m\u00e0u)<\/p>\n\n\n\n<p><a href=\"https:\/\/www.sondulux.net.vn\/bang-mau-son-dulux\/bang-mau-son-dulux-weathershield\"><strong>B\u1ea3ng m\u00e0u s\u01a1n KAPITEX<\/strong><strong> <\/strong><\/a><strong><\/strong><\/p>\n\n\n\n<p>B\u1ea3ng m\u00e0u s\u01a1n <a>KAPITEX<\/a> \u00a0mang t\u00ednh ch\u1ea5t tham kh\u1ea3o t\u00f4ng m\u00e0u. Qu\u00fd h\u00e0ng c\u00f3 nhu c\u1ea7u ch\u1ecdn m\u00e0u v\u00e0 nh\u1eadn b\u1ea3ng m\u00e0u s\u01a1n Duluc\u00a0g\u1ed1c vui l\u00f2ng li\u00ean h\u1ec7 v\u1edbi \u0111\u1ea1i l\u00fd s\u01a1n KAPITEX ho\u1eb7c Hotline: 0985555870. Nh\u00e2n vi\u00ean t\u01b0 v\u1ea5n c\u1ee7a ch\u00fang t\u00f4i s\u1ebd li\u00ean h\u1ec7 v\u00e0 g\u1eedi b\u1ea3ng m\u00e0u\u00a0\u0111\u1ebfn tr\u1ef1c ti\u1ebfp c\u00f4ng tr\u00ecnh.<\/p>\n\n\n\n<p><strong>S\u01a1n nh\u00e0 theo phong th\u1ee7y<\/strong><\/p>\n\n\n\n<p><strong>Ph\u00f2ng ng\u1ee7 v\u1ee3 ch\u1ed3ng n\u00ean s\u01a1n m\u00e0u g\u00ec?<\/strong><\/p>\n\n\n\n<p>Trong &nbsp;phong t\u1ee5c c\u01b0\u1edbi h\u1ecfi c\u1ee7a ng\u01b0\u1eddi Vi\u1ec7t Nam,&nbsp;<strong>ph\u00f2ng ng\u1ee7 v\u1ee3 ch\u1ed3ng<\/strong>&nbsp;hay c\u00f2n g\u1ecdi l\u00e0 ph\u00f2ng c\u01b0\u1edbi chi\u1ebfm m\u1ed9t v\u1ecb tr\u00ed r\u1ea5t quan tr\u1ecdng. C\u00f3 th\u1ec3 n\u00f3i&nbsp;<strong>ph\u00f2ng ng\u1ee7 v\u1ee3 ch\u1ed3ng<\/strong>&nbsp;l\u00e0 n\u01a1i quan tr\u1ecdng nh\u1ea5t&nbsp;trong nh\u00e0. \u0110\u00e2y l\u00e0 n\u01a1i c\u00f4 d\u00e2u ch\u00fa r\u1ec3 t\u1eadn h\u01b0\u1edfng nh\u1eefng gi\u1edd ph\u00fat ng\u1ecdt ng\u00e0o&nbsp;b\u00ean nhau sau \u0111\u00e1m c\u01b0\u1edbi v\u00e0 c\u0169ng l\u00e0 n\u01a1i vun \u0111\u1eafp t\u00ecnh c\u1ea3m v\u1ee3 ch\u1ed3ng nh\u1eefng ng\u00e0y th\u00e1ng chung s\u1ed1ng sau n\u00e0y.<\/p>\n\n\n\n<p>Phong th\u1ee7y ph\u00f2ng ng\u1ee7 v\u1ee3 ch\u1ed3ng<\/p>\n\n\n\n<p><strong>Ph\u00f2ng ng\u1ee7 v\u1ee3 ch\u1ed3ng<\/strong>\u00a0kh\u00f4ng \u0111\u01a1n thu\u1ea7n l\u00e0 n\u01a1i ng\u1ee7 ngh\u1ec9 sau m\u1ed9t ng\u00e0y l\u00e0m vi\u1ec7c c\u0103ng th\u1eb3ng v\u00e0 m\u1ec7t m\u1ecfi, ph\u00f2ng ng\u1ee7 c\u00f2n l\u00e0 kh\u00f4ng gian gi\u00fap \u01b0\u01a1m m\u1ea7m c\u1ee7a t\u00ecnh y\u00eau v\u00e0 h\u1ea1nh ph\u00fac c\u1ee7a gia \u0111\u00ecnh. Do \u0111\u00f3 khi thi\u1ebft k\u1ebf v\u00e0 b\u1ed1 tr\u00ed ph\u00f2ng ng\u1ee7 cho v\u1ee3 ch\u1ed3ng b\u1ea1n n\u00ean ch\u00fa \u00fd \u0111\u1ebfn t\u1ea5t c\u1ea3 c\u00e1c y\u1ebfu t\u1ed1 nh\u01b0 v\u1ecb tr\u00ed c\u0103n ph\u00f2ng, \u00e1nh s\u00e1ng gi\u01b0\u1eddng ng\u1ee7&#8230; \u0111\u1ebfn c\u00e1ch trang tr\u00ed sao cho ph\u00f9 h\u1ee3p nh\u1ea5t.<\/p>\n\n\n\n<p><strong>V\u1ecb tr\u00ed gi\u01b0\u1eddng ng\u1ee7 v\u1ee3 ch\u1ed3ng<\/strong><\/p>\n\n\n\n<p>Theo phong th\u1ee7y, v\u1ecb tr\u00ed gi\u01b0\u1eddng ng\u1ee7 t\u1ed1t nh\u1ea5t l\u00e0 nh\u00ecn theo h\u01b0\u1edbng Nam B\u1eafc thu\u1eadn theo s\u1ee9c h\u1ea5p d\u1eabn c\u1ee7a t\u1eeb tr\u01b0\u1eddng. \u0110\u1ea7u nh\u00ecn theo h\u01b0\u1edbng Nam hay h\u01b0\u1edbng B\u1eafc khi ng\u1ee7 s\u1ebd r\u1ea5t c\u00f3 \u00edch cho s\u1ee9c kh\u1ecfe c\u1ee7a hai v\u1ee3 ch\u1ed3ng.<\/p>\n\n\n\n<figure class=\"wp-block-image size-full is-resized\"><img loading=\"lazy\" decoding=\"async\" src=\"https:\/\/kapitexpaint.com\/wp-content\/uploads\/2022\/08\/1126_image001.jpg\" alt=\"\" class=\"wp-image-186\" width=\"844\" height=\"633\" srcset=\"https:\/\/kapitexpaint.com\/wp-content\/uploads\/2022\/08\/1126_image001.jpg 800w, https:\/\/kapitexpaint.com\/wp-content\/uploads\/2022\/08\/1126_image001-300x225.jpg 300w, https:\/\/kapitexpaint.com\/wp-content\/uploads\/2022\/08\/1126_image001-768x576.jpg 768w\" sizes=\"(max-width: 844px) 100vw, 844px\" \/><\/figure>\n\n\n\n<p>C\u0169ng theo phong th\u1ee7y th\u00ec, ph\u00f2ng ng\u1ee7 v\u1ee3 ch\u1ed3ng&nbsp;\u0111\u1eb7t \u1edf ph\u00eda T\u00e2y ng\u00f4i nh\u00e0 c\u00f3 l\u1ee3i \u0111\u1ed1i v\u1edbi vi\u1ec7c c\u1ea3i thi\u1ec7n v\u00e0 b\u1ed3i \u0111\u1eafp t\u00ecnh c\u1ea3m trong \u0111\u1eddi s\u1ed1ng v\u1ee3 ch\u1ed3ng.&nbsp;\u0110\u1ea7u gi\u01b0\u1eddng ng\u1ee7 ph\u1ea3i \u0111\u01b0\u1ee3c k\u00ea s\u00e1t t\u01b0\u1eddng, c\u00f3 nh\u01b0 v\u1eady v\u1eadn kh\u00ed c\u1ee7a gia ch\u1ee7 m\u1edbi c\u00f3 n\u1ec1n t\u1ea3ng \u0111\u1ec3 ph\u00e1t tri\u1ec3n, kh\u00f4ng b\u1ecb r\u01a1i v\u00e0o th\u1ebf c\u00f4 l\u1eadp ho\u1eb7c m\u1ea5t ch\u1ed7 n\u01b0\u01a1ng t\u1ef1a.<\/p>\n\n\n\n<p>B\u1ea5t k\u1ec3 gi\u01b0\u1eddng \u0111\u1eb7t ch\u1ed7 n\u00e0o c\u0169ng n\u00ean \u0111\u1ec3 cho \u00e1nh s\u00e1ng m\u1eb7t tr\u1eddi chi\u1ebfu \u0111\u01b0\u1ee3c \u0111\u1ebfn m\u1eb7t gi\u01b0\u1eddng qua c\u1eeda s\u1ed5 ph\u00f2ng ng\u1ee7 ho\u1eb7c c\u1eeda ph\u00f2ng ng\u1ee7. \u0110i\u1ec1u n\u00e0y r\u1ea5t t\u1ed1t cho vi\u1ec7c h\u1ea5p thu n\u0103ng l\u01b0\u1ee3ng c\u1ee7a thi\u00ean nhi\u00ean v\u00e0 c\u00f3 l\u1ee3i cho s\u1ee9c kh\u1ecfe c\u1ee7a v\u1ee3 ch\u1ed3ng.<\/p>\n\n\n\n<p>Theo phong th\u1ee7y, v\u1ecb tr\u00ed gi\u01b0\u1eddng ng\u1ee7 t\u1ed1t nh\u1ea5t l\u00e0 nh\u00ecn theo h\u01b0\u1edbng Nam B\u1eafc thu\u1eadn theo s\u1ee9c h\u1ea5p d\u1eabn c\u1ee7a t\u1eeb tr\u01b0\u1eddng. \u0110\u1ea7u nh\u00ecn theo h\u01b0\u1edbng Nam hay h\u01b0\u1edbng B\u1eafc khi ng\u1ee7 s\u1ebd r\u1ea5t c\u00f3 \u00edch cho s\u1ee9c kh\u1ecfe c\u1ee7a hai v\u1ee3 ch\u1ed3ng.<\/p>\n\n\n\n<figure class=\"wp-block-image size-large is-resized\"><img loading=\"lazy\" decoding=\"async\" src=\"https:\/\/kapitexpaint.com\/wp-content\/uploads\/2022\/08\/giuong-ngu-dep-2019-1-1024x807.jpg\" alt=\"\" class=\"wp-image-187\" width=\"832\" height=\"656\" srcset=\"https:\/\/kapitexpaint.com\/wp-content\/uploads\/2022\/08\/giuong-ngu-dep-2019-1-1024x807.jpg 1024w, https:\/\/kapitexpaint.com\/wp-content\/uploads\/2022\/08\/giuong-ngu-dep-2019-1-300x237.jpg 300w, https:\/\/kapitexpaint.com\/wp-content\/uploads\/2022\/08\/giuong-ngu-dep-2019-1-768x606.jpg 768w, https:\/\/kapitexpaint.com\/wp-content\/uploads\/2022\/08\/giuong-ngu-dep-2019-1.jpg 1400w\" sizes=\"(max-width: 832px) 100vw, 832px\" \/><\/figure>\n\n\n\n<p>C\u0169ng theo phong th\u1ee7y th\u00ec, ph\u00f2ng ng\u1ee7 v\u1ee3 ch\u1ed3ng&nbsp;\u0111\u1eb7t \u1edf ph\u00eda T\u00e2y ng\u00f4i nh\u00e0 c\u00f3 l\u1ee3i \u0111\u1ed1i v\u1edbi vi\u1ec7c c\u1ea3i thi\u1ec7n v\u00e0 b\u1ed3i \u0111\u1eafp t\u00ecnh c\u1ea3m trong \u0111\u1eddi s\u1ed1ng v\u1ee3 ch\u1ed3ng.&nbsp;\u0110\u1ea7u gi\u01b0\u1eddng ng\u1ee7 ph\u1ea3i \u0111\u01b0\u1ee3c k\u00ea s\u00e1t t\u01b0\u1eddng, c\u00f3 nh\u01b0 v\u1eady v\u1eadn kh\u00ed c\u1ee7a gia ch\u1ee7 m\u1edbi c\u00f3 n\u1ec1n t\u1ea3ng \u0111\u1ec3 ph\u00e1t tri\u1ec3n, kh\u00f4ng b\u1ecb r\u01a1i v\u00e0o th\u1ebf c\u00f4 l\u1eadp ho\u1eb7c m\u1ea5t ch\u1ed7 n\u01b0\u01a1ng t\u1ef1a.<\/p>\n\n\n\n<p>B\u1ea5t k\u1ec3 gi\u01b0\u1eddng \u0111\u1eb7t ch\u1ed7 n\u00e0o c\u0169ng n\u00ean \u0111\u1ec3 cho \u00e1nh s\u00e1ng m\u1eb7t tr\u1eddi chi\u1ebfu \u0111\u01b0\u1ee3c \u0111\u1ebfn m\u1eb7t gi\u01b0\u1eddng qua c\u1eeda s\u1ed5 ph\u00f2ng ng\u1ee7 ho\u1eb7c c\u1eeda ph\u00f2ng ng\u1ee7. \u0110i\u1ec1u n\u00e0y r\u1ea5t t\u1ed1t cho vi\u1ec7c h\u1ea5p thu n\u0103ng l\u01b0\u1ee3ng c\u1ee7a thi\u00ean nhi\u00ean v\u00e0 c\u00f3 l\u1ee3i cho s\u1ee9c kh\u1ecfe c\u1ee7a v\u1ee3 ch\u1ed3ng.<\/p>\n\n\n\n<p>C\u0169ng theo phong th\u1ee7y th\u00ec, ph\u00f2ng ng\u1ee7 v\u1ee3 ch\u1ed3ng&nbsp;\u0111\u1eb7t \u1edf ph\u00eda T\u00e2y ng\u00f4i nh\u00e0 c\u00f3 l\u1ee3i \u0111\u1ed1i v\u1edbi vi\u1ec7c c\u1ea3i thi\u1ec7n v\u00e0 b\u1ed3i \u0111\u1eafp t\u00ecnh c\u1ea3m trong \u0111\u1eddi s\u1ed1ng v\u1ee3 ch\u1ed3ng.&nbsp;\u0110\u1ea7u gi\u01b0\u1eddng ng\u1ee7 ph\u1ea3i \u0111\u01b0\u1ee3c k\u00ea s\u00e1t t\u01b0\u1eddng, c\u00f3 nh\u01b0 v\u1eady v\u1eadn kh\u00ed c\u1ee7a gia ch\u1ee7 m\u1edbi c\u00f3 n\u1ec1n t\u1ea3ng \u0111\u1ec3 ph\u00e1t tri\u1ec3n, kh\u00f4ng b\u1ecb r\u01a1i v\u00e0o th\u1ebf c\u00f4 l\u1eadp ho\u1eb7c m\u1ea5t ch\u1ed7 n\u01b0\u01a1ng t\u1ef1a.<\/p>\n\n\n\n<p>B\u1ea5t k\u1ec3 gi\u01b0\u1eddng \u0111\u1eb7t ch\u1ed7 n\u00e0o c\u0169ng n\u00ean \u0111\u1ec3 cho \u00e1nh s\u00e1ng m\u1eb7t tr\u1eddi chi\u1ebfu \u0111\u01b0\u1ee3c \u0111\u1ebfn m\u1eb7t gi\u01b0\u1eddng qua c\u1eeda s\u1ed5 ph\u00f2ng ng\u1ee7 ho\u1eb7c c\u1eeda ph\u00f2ng ng\u1ee7. \u0110i\u1ec1u n\u00e0y r\u1ea5t t\u1ed1t cho vi\u1ec7c h\u1ea5p thu n\u0103ng l\u01b0\u1ee3ng c\u1ee7a thi\u00ean nhi\u00ean v\u00e0 c\u00f3 l\u1ee3i cho s\u1ee9c kh\u1ecfe c\u1ee7a v\u1ee3 ch\u1ed3ng.<\/p>\n\n\n\n<p>\u0110i\u1ec1u ki\u00eang\u00a0k\u1ef5 trong ph\u00f2ng ng\u1ee7 v\u1ee3 ch\u1ed3ng<\/p>\n\n\n\n<p><strong>Trong ph\u00f2ng ng\u1ee7 v\u1ee3 ch\u1ed3ng h\u00e3y ch\u00fa \u00fd nh\u1eefng \u0111i\u1ec1u sau \u0111\u00e2y:<\/strong><\/p>\n\n\n\n<p>Kh\u00f4ng n\u00ean \u0111\u1eb7t v\u1ecb tr\u00ed gi\u01b0\u1eddng ng\u1ee7&nbsp;\u0111\u1ed1i di\u1ec7n v\u1edbi c\u1eeda ph\u00f2ng ng\u1ee7. Khi \u0111\u1ee9ng t\u1ea1i c\u1eeda ph\u00f2ng ng\u1ee7 nh\u00ecn v\u00e0o trong, n\u1ebfu th\u1ea5y gi\u01b0\u1eddng b\u1ea5t k\u1ec3 l\u00e0 \u0111\u1ea7u gi\u01b0\u1eddng, \u0111u\u00f4i gi\u01b0\u1eddng hay gi\u1eefa gi\u01b0\u1eddng c\u0169ng \u0111\u1ec1u r\u01a1i v\u00e0o tr\u01b0\u1eddng h\u1ee3p c\u1eeda xung chi\u1ebfu tr\u1ef1c ti\u1ebfp (\u0111\u1ed1i di\u1ec7n) v\u1edbi gi\u01b0\u1eddng. \u0111i\u1ec1u n\u00e0y kh\u00f4ng t\u1ed1t cho v\u1ee3 ch\u1ed3ng.<\/p>\n\n\n\n<p>T\u1ea1i&nbsp;<strong>ph\u00f2ng ng\u1ee7 v\u1ee3 ch\u1ed3ng<\/strong>&nbsp;c\u0169ng n\u00ean&nbsp;ch\u00fa \u00fd \u0111\u1ebfn v\u1ecb tr\u00ed \u0111\u1eb7t m\u00e1y \u0111i\u1ec1u h\u00f2a kh\u00f4ng kh\u00ed, \u0111\u00e8n ch\u00f9m v\u00e0 t\u1ea5t c\u1ea3 nh\u1eefng thi\u1ebft b\u1ecb kh\u00e1c. N\u00ean tr\u00e1nh kh\u00f4ng treo ngay ph\u00eda tr\u00ean gi\u01b0\u1eddng ng\u1ee7.<\/p>\n\n\n\n<p>Ph\u00f2ng ng\u1ee7 v\u1ee3 ch\u1ed3ng n\u00ean s\u01a1n m\u00e0u g\u00ec?<\/p>\n\n\n\n<p>Khi thi\u1ebft k\u1ebf ph\u00f2ng ng\u1ee7 cho hai v\u1ee3 ch\u1ed3ng m\u1ed9t \u0111i\u1ec1u c\u1ea7n l\u01b0u \u00fd l\u00e0, b\u1ea1n kh\u00f4ng n\u00ean d\u00f9ng&nbsp;<strong>m\u00e0u \u0111\u1ecf t\u01b0\u01a1i<\/strong>&nbsp;\u0111\u1ec3 s\u01a1n t\u01b0\u1eddng c\u1ee7a&nbsp;<strong>ph\u00f2ng ng\u1ee7 v\u1ee3 ch\u1ed3ng<\/strong>.&nbsp;<strong>M\u00e0u \u0111\u1ecf r\u1ef1c r\u1ee1<\/strong>&nbsp;ch\u1ec9 khi\u1ebfn cho tinh th\u1ea7n con ng\u01b0\u1eddi th\u00eam h\u01b0ng ph\u1ea5n v\u00ec b\u1ecb k\u00edch th\u00edch cao \u0111\u1ed9. Con ng\u01b0\u1eddi trong t\u00ecnh tr\u1ea1ng k\u00edch \u0111\u1ed9ng nh\u01b0 th\u1ebf v\u1ec1 l\u00e2u d\u00e0i s\u1ebd d\u1ec5 b\u1ecb suy s\u1ee5p tinh th\u1ea7n, g\u00e2y ra t\u00e2m l\u00fd b\u1ef1c d\u1ecdc, n\u00f3ng n\u1ea3y.<\/p>\n\n\n\n<p>N\u1ebfu qu\u00e1 th\u00edch m\u00e0u \u0111\u1ecf t\u01b0\u01a1i th\u00ec b\u1ea1n c\u00f3 th\u1ec3 ph\u1ed1i m\u00e0u s\u01a1n ph\u00f2ng ng\u1ee7 v\u1ee3 ch\u1ed3ng&nbsp;m\u1ed9t c\u00e1ch tinh t\u1ebf b\u1eb1ng vi\u1ec7c s\u1eed d\u1ee5ng t\u00f4ng&nbsp;m\u00e0u tr\u1eafng \u0111\u1ec3 l\u00e0m gi\u1ea3m b\u1edbt s\u1ef1 h\u01b0ng ph\u1ea5n m\u00e0 m\u00e0u \u0111\u1ecf gay n\u00ean. V\u1ec1 l\u00e2u d\u00e0i s\u1ebd t\u1ed1t h\u01a1n cho \u0111\u1eddi s\u1ed1ng v\u1ee3 ch\u1ed3ng.<\/p>\n\n\n\n<p>Thay v\u00e0o \u0111\u00f3 h\u00e3y s\u1eed d\u1ee5ng t\u00f4ng m\u00e0u t\u00edm nh\u1eb9 nh\u00e0ng cho ph\u00f2ng ng\u1ee7 v\u1ee3 ch\u1ed3ng, nh\u1ea5t l\u00e0 \u0111\u1ed1i v\u1edbi nh\u1eefng c\u1eb7p v\u1ee3 ch\u1ed3ng v\u1edbi c\u01b0\u1edbi.<\/p>\n\n\n\n<p><em>&#8220;M\u1ed9t cu\u1ed9c kh\u1ea3o s\u00e1t c\u1ee7a&nbsp;h\u00e3ng b\u00e1n l\u1ebb&nbsp;Littlewoods.com&nbsp;c\u1ee7a Anh \u0111\u00e3 ti\u1ebfn h\u00e0nh m\u1ed9t cu\u1ed9c kh\u1ea3o s\u00e1t v\u1edbi&nbsp;<strong>2.000<\/strong>&nbsp;ng\u01b0\u1eddi tr\u01b0\u1edfng th\u00e0nh v\u1ec1 m\u1ee9c \u0111\u1ed9 \u1ea3nh h\u01b0\u1edfng c\u1ee7a m\u00e0u s\u01a1n ph\u00f2ng ng\u1ee7 \u0111\u1ebfn h\u1ee9ng th\u00fa quan h\u1ec7 t\u00ecnh d\u1ee5c c\u1ee7a c\u1ee7a c\u00e1c c\u1eb7p \u0111\u00f4i.&nbsp;K\u1ebft qu\u1ea3 cho th\u1ea5y nh\u1eefng m\u00e0u s\u1eafc n\u1ed5i b\u1eadt nh\u01b0 \u0111\u1ecf, xanh hay t\u00edm khi\u1ebfn c\u00e1c c\u1eb7p \u0111\u00f4i h\u01b0ng ph\u1ea5n nh\u1ea5t \u0111\u1ed1i v\u1edbi \u2018chuy\u1ec7n \u1ea5y\u2019. C\u1ee5 th\u1ec3, c\u00e1c c\u1eb7p \u0111\u00f4i th\u01b0\u1eddng quan h\u1ec7 t\u00ecnh d\u1ee5c trung b\u00ecnh kho\u1ea3ng 3,5 l\u1ea7n\/tu\u1ea7n khi ph\u00f2ng ng\u1ee7 c\u1ee7a h\u1ecd \u0111\u01b0\u1ee3c&nbsp;<strong>s\u01a1n m\u00e0u t\u00edm<\/strong>.&#8221;<\/em><\/p>\n\n\n\n<p>B\u00ean c\u1ea1nh v\u1edbi vi\u1ec7c l\u1ef1a ch\u1ecdn m\u00e0u s\u1eafc, \u00e1nh s\u00e1ng c\u0169ng l\u00e0 m\u1ed9t y\u1ebfu t\u1ed5 r\u1ea5t quan tr\u1ecdng trong kh\u00f4ng gian ph\u00f2ng ng\u1ee7 c\u1ee7a hai v\u1ee3 ch\u1ed3ng. Do\u00a0<strong>ph\u00f2ng ng\u1ee7\u00a0v\u1ee3 ch\u1ed3ng<\/strong>\u00a0l\u00e0 kh\u00f4ng gian y\u00ean t\u0129nh ngh\u1ec9 ng\u01a1i n\u00ean kh\u00f4ng ph\u00f9 h\u1ee3p v\u1edbi \u00e1nh \u0111\u00e8n c\u00f3 \u0111\u1ed9 s\u00e1ng m\u1ea1nh, g\u00e2y t\u00e2m l\u00fd c\u0103ng th\u1eb3ng, b\u1ea5t an. Do \u0111\u00f3, t\u1ed1t nh\u1ea5t ph\u00f2ng ng\u1ee7 v\u1ee3 ch\u1ed3ng n\u00f3i ri\u00eang hay ph\u00f2ng ng\u1ee7 n\u00f3i ri\u00eang\u00a0n\u00ean ch\u1ecdn lo\u1ea1i \u0111\u00e8n c\u00f3 \u00e1nh s\u00e1ng d\u1ecbu nh\u1eb9, c\u00e1c lo\u1ea1i \u0111\u00e8n h\u1eaft c\u00f3 t\u00e1c d\u1ee5ng th\u01b0 gi\u00e3n tinh th\u1ea7n \u0111\u1ec3 l\u00e0m cho \u0111\u1eddi s\u1ed1ng v\u1ee3 ch\u1ed3ng \u0111\u01b0\u1ee3c th\u0103ng hoa.<\/p>\n\n\n\n<p><strong>Ch\u00fac c\u00e1c c\u1eb7p v\u1ee3 ch\u1ed3ng s\u1ebd\u00a0l\u1ef1a ch\u1ecdn \u0111\u01b0\u1ee3c m\u00e0u s\u01a1n ph\u00f9 h\u1ee3p nh\u1ea5t cho ph\u00f2ng ng\u1ee7 c\u1ee7a m\u00ecnh!<\/strong><\/p>\n","protected":false},"excerpt":{"rendered":"<p>&nbsp;&nbsp;&nbsp;&nbsp;&nbsp;&nbsp;&nbsp;&nbsp;&nbsp;&nbsp;&nbsp; Ng\u00e2n h\u00e0ng m\u00e0u s\u1eafc phong ph\u00fa c\u00f9ng b\u1ea3ng m\u00e0u th\u1ef1c t\u1ebf ch\u00e2n th\u1ef1c ch\u1eafc ch\u1eafn s\u1ebd mang l\u1ea1i c\u00e1i nh\u00ecn chi ti\u1ebft nh\u1ea5t cho s\u1ef1 l\u1ef1a ch\u1ecdn m\u00e0u s\u1eafc t\u01b0\u01a1ng \u1ee9ng v\u1edbi t\u1eebng s\u1ea3n ph\u1ea9m s\u01a1n KAPITEX. V\u01a1i h\u00e0ng ngh\u00e0n m\u00e3 m\u00e0u ch\u00fang t\u00f4i tin t\u01b0\u1edfng B\u1ea3ng m\u00e0u s\u01a1n KAPITEX ch\u1eafc ch\u1eafn s\u1ebd mang l\u1ea1i s\u1ef1 l\u1ef1a ch\u1ecdn ho\u00e0n h\u1ea3o nh\u1ea5t cho gi\u1ea3i ph\u00e1p trang tr\u00ed c\u1ee7a b\u1ea1n B\u1ea3ng m\u00e3 m\u00e0u s\u01a1n ch\u1ed1ng th\u1ea5m KAPITEX S\u01a1n Ch\u1ed1ng th\u1ea5m &nbsp;KAPITEX &nbsp;c\u00f3&nbsp;h\u00e0ng ngh\u00ecn s\u1eafc m\u00e0u cho c\u00e1c b\u1ea1n l\u1ef1a chon theo s\u1edf th\u00edch, theo phong th\u1ee7y m\u00e0 c\u00e1c b\u1ea1n mong mu\u1ed1n.<\/p>\n","protected":false},"author":1,"featured_media":0,"parent":0,"menu_order":0,"comment_status":"closed","ping_status":"closed","template":"","meta":{"om_disable_all_campaigns":false,"_monsterinsights_skip_tracking":false,"_monsterinsights_sitenote_active":false,"_monsterinsights_sitenote_note":"","_monsterinsights_sitenote_category":0,"footnotes":""},"aioseo_notices":[],"_links":{"self":[{"href":"https:\/\/kapitexpaint.com\/index.php\/wp-json\/wp\/v2\/pages\/49"}],"collection":[{"href":"https:\/\/kapitexpaint.com\/index.php\/wp-json\/wp\/v2\/pages"}],"about":[{"href":"https:\/\/kapitexpaint.com\/index.php\/wp-json\/wp\/v2\/types\/page"}],"author":[{"embeddable":true,"href":"https:\/\/kapitexpaint.com\/index.php\/wp-json\/wp\/v2\/users\/1"}],"replies":[{"embeddable":true,"href":"https:\/\/kapitexpaint.com\/index.php\/wp-json\/wp\/v2\/comments?post=49"}],"version-history":[{"count":2,"href":"https:\/\/kapitexpaint.com\/index.php\/wp-json\/wp\/v2\/pages\/49\/revisions"}],"predecessor-version":[{"id":189,"href":"https:\/\/kapitexpaint.com\/index.php\/wp-json\/wp\/v2\/pages\/49\/revisions\/189"}],"wp:attachment":[{"href":"https:\/\/kapitexpaint.com\/index.php\/wp-json\/wp\/v2\/media?parent=49"}],"curies":[{"name":"wp","href":"https:\/\/api.w.org\/{rel}","templated":true}]}}