{"id":52,"date":"2022-07-29T02:17:44","date_gmt":"2022-07-29T02:17:44","guid":{"rendered":"https:\/\/kapitexpaint.com\/?page_id=52"},"modified":"2022-07-29T02:17:45","modified_gmt":"2022-07-29T02:17:45","slug":"dai-ly","status":"publish","type":"page","link":"https:\/\/kapitexpaint.com\/index.php\/dai-ly\/","title":{"rendered":"\u0110\u1ea1i l\u00fd"},"content":{"rendered":"\n<p><strong>K\u00cdNH G\u1eecI QU\u00dd KH\u00c1CH H\u00c0NG!<\/strong><\/p>\n\n\n\n<p>C\u00f4ng ty S\u01a0N LI\u00caN DOANH VI\u1ec6T NH\u1eacT&nbsp;L\u00e0 c\u00f4ng ty s\u1ea3n xu\u1ea5t v\u00e0 cung c\u1ea5p&nbsp; \u00fang d\u1ee5ng th\u00e0nh c\u00f4ng v\u1edbi&nbsp;<strong>c\u00f4ng ngh\u1ec7 s\u1ea3n xu\u1ea5t ti\u00ean ti\u1ebfn c\u1ee7a Nh\u1eadt b\u1ea3n<\/strong>,&nbsp;<strong>S\u01a1n KAPITEX <\/strong>l\u00e0 s\u1ef1 k\u1ebft h\u1ee3p gi\u1eefa ch\u1ea5t li\u1ec7u nh\u1ef1a acrylic, b\u1ed9t kho\u00e1ng, ch\u1ea5t m\u00e0u kh\u00f4ng ch\u1ee9a ch\u00ec v\u00e0 th\u1ee7y ng\u00e2n t\u1ea1o n\u00ean s\u1ea3n ph\u1ea9m s\u01a1n nh\u0169 t\u01b0\u01a1ng g\u1ed1c n\u01b0\u1edbc c\u00f3 ch\u1ea5t l\u01b0\u1ee3ng v\u01b0\u1ee3t tr\u1ed9i, th\u00e2n thi\u1ec7n v\u1edbi m\u00f4i tr\u01b0\u1eddng, gi\u1eef g\u00ecn \u0111\u1ed9 b\u1ec1n m\u00e0u s\u1eafc, n\u00e2ng cao tu\u1ed5i th\u1ecd c\u00f4ng tr\u00ecnh.<br><br>&#8211; Hi\u1ec7n nay, v\u1edbi nhu c\u1ea7u m\u1edf r\u1ed9ng th\u1ecb tr\u01b0\u1eddng tr\u00ean c\u1ea3 n\u01b0\u1edbc v\u00e0 mong mu\u1ed1n g\u1eedi \u0111\u1ebfn kh\u00e1ch h\u00e0ng tr\u00ean kh\u1eafp c\u00e1c t\u1ec9nh th\u00e0nh trong n\u01b0\u1edbc m\u1ed9t s\u1ea3n ph\u1ea9m s\u01a1n c\u00f3 ch\u1ea5t l\u01b0\u1ee3ng t\u1ed1t nh\u1ea5t, gi\u00e1 c\u1ea3 c\u1ea1nh tranh nh\u1ea5t,&nbsp;<strong>h\u00e3ng S\u01a1n KAPITEX <\/strong>c\u1ea7n&nbsp;<a href=\"http:\/\/www.sonfandecor.com\/mo-dai-ly-m2-727.html\"><strong>t\u00ecm \u0111\u1ea1i l\u00fd ph\u00e2n ph\u1ed1i s\u01a1n<\/strong><\/a>&nbsp;tr\u00ean m\u1ecdi mi\u1ec1n t\u1ed5 qu\u1ed1c v\u1edbi c\u00e1c ti\u00eau ch\u00ed nh\u01b0 sau:<br><br><strong>1 H\u00ecnh th\u1ee9c h\u1ee3p t\u00e1c:<\/strong><\/p>\n\n\n\n<p><strong>&#8211; <\/strong><strong>L\u00e0 nh\u00e2n vi\u00ean kinh doanh<\/strong><strong> <\/strong>gi\u1edbi thi\u1ec7u v\u00e0 ph\u00e2n ph\u1ed1i ch\u00ednh th\u1ee9c s\u1ea3n ph\u1ea9m S\u01a1n KAPITEX<br>&#8211; L\u00e0 \u0111\u1ea1i l\u00fd <a>gi\u1edbi thi\u1ec7u v\u00e0 ph\u00e2n ph\u1ed1i ch\u00ednh th\u1ee9c s\u1ea3n ph\u1ea9m S\u01a1n KAPITEX<br><\/a>&#8211; Chuy\u00ean cung c\u1ea5p, b\u00e1n bu\u00f4n, b\u00e1n l\u1ebb s\u1ea3n ph\u1ea9m s\u01a1n&nbsp;S\u01a1n KAPITEX cho c\u00e1c c\u00f4ng tr\u00ecnh, c\u00e1c c\u1eeda h\u00e0ng nh\u1ecf l\u1ebb kh\u00e1c, c\u00f9ng v\u1edbi&nbsp;S\u01a1n KAPITEX ph\u00e1t tri\u1ec3n v\u00e0 m\u1edf r\u1ed9ng th\u1ecb tr\u01b0\u1eddng.<br><br><strong>2 Y\u00eau c\u1ea7u khi m\u1edf \u0111\u1ea1i l\u00fd s\u01a1n:<\/strong><\/p>\n\n\n\n<p><strong>&#8211; C\u00f3 l\u00f2ng quy\u1ebft t\u00e2m kinh doanh v\u00e0 tinh th\u1ea7n b\u1eaft tay h\u1ee3p t\u00e1c x\u00e2y d\u1ef1ng s\u01a1n KAPITEX ph\u00e1t tri\u1ec3n l\u00e2u d\u00e0i v\u00e0 b\u1ec1n v\u1eefng v\u00ec m\u1ed9t s\u1ea3n ph\u1ea9m ng\u01b0\u1eddi Vi\u1ec7t mang ch\u1ea5t l\u01b0\u1ee3ng qu\u1ed1c t\u1ebf.<\/strong>.<br>&#8211; C\u00f3 tr\u00e1ch nhi\u1ec7m v\u1ec1 m\u1eabu m\u00e3, ch\u1ea5t l\u01b0\u1ee3ng s\u1ea3n ph\u1ea9m khi b\u00e1n cho kh\u00e1ch h\u00e0ng.<br>&#8211; Th\u1ef1c hi\u1ec7n nghi\u00eam t\u00fac cam k\u1ebft b\u00e1n h\u00e0ng.<\/p>\n\n\n\n<p>&#8211; C\u00f3 m\u1eb7t b\u1eb1ng kinh doanh \u0111\u1ec3 tr\u01b0ng b\u00e0y, gi\u1edbi thi\u1ec7u v\u00e0 b\u00e1n s\u1ea3n ph\u1ea9m<\/p>\n\n\n\n<p><strong>3 Quy\u1ec1n l\u1ee3i khi m\u1edf \u0111\u1ea1i l\u00fd:<\/strong><br>&#8211; \u0110\u01b0\u1ee3c h\u01b0\u1edfng chi\u1ebft kh\u1ea5u h\u1ea5p d\u1eabn.<br>&#8211; \u0110\u01b0\u1ee3c h\u1ed7 tr\u1ee3 trong thi\u1ebft k\u1ebf v\u00e0 tr\u01b0ng b\u00e0y s\u1ea3n ph\u1ea9m trong c\u1eeda h\u00e0ng.<br>&#8211; \u0110\u01b0\u1ee3c h\u1ed7 tr\u1ee3 trong truy\u1ec1n th\u00f4ng, qu\u1ea3ng c\u00e1o, marketing, cung c\u1ea5p c\u00e1c t\u00e0i li\u1ec7u, cataloge gi\u1edbi thi\u1ec7u s\u1ea3n ph\u1ea9m.<br>&#8211; \u0110\u01b0\u1ee3c tham gia c\u00e1c kh\u00f3a hu\u1ea5n luy\u1ec7n, \u0111\u00e0o t\u1ea1o, r\u00e8n luy\u1ec7n k\u1ef9 n\u0103ng cho nh\u00e2n vi\u00ean b\u00e1n h\u00e0ng v\u00e0 nh\u00e2n vi\u00ean kinh doanh t\u1ea1i c\u1eeda h\u00e0ng.<br>&#8211; \u0110\u01b0\u1ee3c h\u01b0\u1edfng c\u00e1c ch\u01b0\u01a1ng tr\u00ecnh khuy\u1ebfn m\u1ea1i h\u1ea5p d\u1eabn bao g\u1ed3m chi\u1ebft kh\u1ea5u %, qu\u00e0 t\u1eb7ng ti\u1ec1n m\u1eb7t v\u00e0 qu\u00e0 t\u1eb7ng hi\u1ec7n v\u1eadt gi\u00e1 tr\u1ecb.<br>&#8211; \u0110\u01b0\u1ee3c cung c\u1ea5p \u0111\u1ed3ng ph\u1ee5c b\u1ea3o h\u1ed9 lao \u0111\u1ed9ng.<br>&#8211; \u0110\u01b0\u1ee3c h\u1ed7 tr\u1ee3 chi ph\u00ed v\u1eadn chuy\u1ec3n h\u00e0ng h\u00f3a v\u00e0 \u0111\u01b0\u1ee3c mi\u1ec5n ph\u00ed v\u1eadn chuy\u1ec3n t\u00f9y theo gi\u00e1 tr\u1ecb \u0111\u01a1n h\u00e0ng.<br>&#8211; \u0110\u01b0\u1ee3c h\u1ed7 tr\u1ee3 t\u01b0 v\u1ea5n tri\u1ec3n khai c\u00e1c c\u00f4ng tr\u00ecnh c\u1ee7a kh\u00e1ch h\u00e0ng \u0111\u1ec3 \u0111\u1ea1t hi\u1ec7u qu\u1ea3 h\u1ee3p t\u00e1c cao nh\u1ea5t.<br><br><strong>4 Cam k\u1ebft b\u00e1n h\u00e0ng<\/strong><br>&#8211; \u0110\u1ea1i l\u00fd \u0111\u01b0\u1ee3c h\u01b0\u1edfng m\u1ee9c chi\u1ebft kh\u1ea5u h\u1ea5p d\u1eabn v\u00e0 ch\u1ea5t l\u01b0\u1ee3ng s\u1ea3n ph\u1ea9m t\u1ed1t nh\u1ea5t.<br>&#8211; \u0110\u01b0\u1ee3c tham gia t\u1ea5t c\u1ea3 c\u00e1c ch\u01b0\u01a1ng tr\u00ecnh khuy\u1ebfn m\u1ea1i v\u00e0 ch\u00ednh s\u00e1ch tr\u1ea3 th\u01b0\u1edfng c\u1ee7a c\u00f4ng ty.<br>&#8211; H\u1ee3p t\u00e1c d\u00e0i l\u00e2u, kh\u00e1ch h\u00e0ng th\u00e2n thi\u1ebft, \u0111\u01b0\u1ee3c h\u1ed7 tr\u1ee3 ph\u00e1t tri\u1ec3n \u1edf m\u1ee9c cao nh\u1ea5t.<br><br><strong>5 Li\u00ean h\u1ec7 h\u01a1p t\u00e1c<\/strong><br>&#8211; V\u1edbi ph\u01b0\u01a1ng ch\u00e2m h\u1ee3p t\u00e1c c\u00f9ng ph\u00e1t tri\u1ec3n, h\u00e3ng&nbsp;S\u01a1n KAPITEX s\u1ebd h\u1ed7 tr\u1ee3 t\u1ed1i \u0111a cho c\u00e1c \u0111\u1ea1i l\u00fd \u0111\u1ec3 c\u00f9ng gi\u1edbi thi\u1ec7u v\u00e0 ph\u00e2n ph\u1ed1i s\u1ea3n ph\u1ea9m s\u01a1n \u01b0u vi\u1ec7t&nbsp;S\u01a1n KAPITEX \u0111\u1ebfn ng\u01b0\u1eddi ti\u00eau d\u00f9ng.<br><br><strong><em>M\u1ecdi th\u00f4ng tin chi ti\u1ebft v\u1ec1 s\u1ea3n ph\u1ea9m v\u00e0 li\u00ean h\u1ec7 m\u1edf \u0111\u1ea1i l\u00fd xin vui l\u00f2ng li\u00ean h\u1ec7:&nbsp;<\/em><\/strong><br><strong>NH\u00c0 M\u00c1Y S\u1ea2N XU\u1ea4T S\u01a0N KAPITEX<\/strong><br>\u0110\u1ecba ch\u1ec9 nh\u00e0 m\u00e1y: Khu CN l\u00e0ng ngh\u1ec1 Minh Khai, Nh\u01b0 Qu\u1ef3nh, V\u0103n L\u00e2m, H\u01b0ng Y\u00ean<br>Tr\u1ee5 s\u1edf c\u00f4ng ty ch\u00ednh:&nbsp;H\u1ea1 D\u1ee5c, \u0110\u1ed1ng Ph\u00fa, Ch\u01b0\u01a1ng M\u1ef9, H\u00e0 N\u1ed9i<br>\u0110T:&nbsp;0985555870&nbsp;&#8211; 0977362755 &#8211;&nbsp;Website:&nbsp;www.kapitexpaint.com &#8211;&nbsp;&nbsp;www.kapitexpaint.com<\/p>\n\n\n\n<figure class=\"wp-block-image size-large\"><img loading=\"lazy\" decoding=\"async\" width=\"1024\" height=\"1016\" src=\"https:\/\/kapitexpaint.com\/wp-content\/uploads\/2022\/07\/img-gioithieu-1-1024x1016.png\" alt=\"\" class=\"wp-image-53\" srcset=\"https:\/\/kapitexpaint.com\/wp-content\/uploads\/2022\/07\/img-gioithieu-1-1024x1016.png 1024w, https:\/\/kapitexpaint.com\/wp-content\/uploads\/2022\/07\/img-gioithieu-1-300x298.png 300w, https:\/\/kapitexpaint.com\/wp-content\/uploads\/2022\/07\/img-gioithieu-1-150x150.png 150w, https:\/\/kapitexpaint.com\/wp-content\/uploads\/2022\/07\/img-gioithieu-1-768x762.png 768w, https:\/\/kapitexpaint.com\/wp-content\/uploads\/2022\/07\/img-gioithieu-1.png 1280w\" sizes=\"(max-width: 1024px) 100vw, 1024px\" \/><\/figure>\n\n\n\n<p><strong>6. S\u1ed1 v\u1ed1n c\u1ea7n v\u00e0 \u0111\u1ee7 cho m\u1ed9t \u0111\u1ea1i l\u00fd<\/strong><\/p>\n\n\n\n<p>Vi\u1ec7c m\u1edf m\u1ed9t&nbsp;<a href=\"http:\/\/www.sonfandecor.com\/\"><strong>\u0111\u1ea1i l\u00fd s\u01a1n<\/strong><\/a><strong>&nbsp;<\/strong>n\u01b0\u1edbc tr\u01b0\u1edbc h\u1ebft c\u1ea7n ph\u1ea3i chu\u1ea9n b\u1ecb m\u1ed9t l\u01b0\u1ee3ng v\u1ed1n nh\u1ea5t \u0111\u1ecbnh. L\u01b0\u1ee3ng v\u1ed1n n\u00e0y ph\u1ee5 thu\u1ed9c v\u00e0o ti\u1ec1m l\u1ef1c kinh t\u1ebf c\u1ee7a t\u1eebng \u0111\u1ea1i l\u00fd. C\u00f3 th\u1ec3 nhi\u1ec1u ho\u1eb7c c\u00f3 th\u1ec3 \u00edt tuy nhi\u00ean \u0111\u1ea1i l\u00fd c\u0169ng c\u1ea7n x\u00e1c \u0111\u1ecbnh r\u00f5 2 m\u1ee9c v\u1ed1n l\u00e0 m\u1ee9c v\u1ed1n nh\u1eadp h\u00e0ng, m\u1ee9c v\u1ed1n b\u1ecb n\u1ee3 \u0111\u1ecdng tr\u00ean th\u1ecb tr\u01b0\u1eddng khi xu\u1ea5t h\u00e0ng ra c\u00f4ng tr\u00ecnh.<\/p>\n\n\n\n<p>Th\u00f4ng th\u01b0\u1eddng s\u1ed1 v\u1ed1n c\u1ea7n v\u00e0 \u0111\u1ee7 \u0111\u1ec3 m\u1edf \u0111\u1ea1i l\u00fd:<\/p>\n\n\n\n<p><strong>T\u1eeb 20 tri\u1ec7u \u0111\u1ebfn &nbsp;150 tri\u1ec7u<\/strong><\/p>\n\n\n\n<p>Tuy nhi\u00ean v\u1ed1n kh\u1edfi \u0111i\u1ec3m n\u00e0y ch\u01b0a ph\u1ea3i l\u00e0 v\u1ea5n \u0111\u1ec1 c\u1ed1t l\u00f5i ph\u00e1t tri\u1ec3n c\u1ee7a c\u00f4ng cu\u1ed9c l\u00e0m \u0111\u1ea1i l\u00fd kinh doanh s\u01a1n KAPITEX.<\/p>\n\n\n\n<p>Quan tr\u1ecdng l\u00e0 b\u1ea1n c\u00f3 d\u00e1m l\u00e0m v\u00e0 c\u00f3 tinh th\u1ea7n quy\u1ebft t\u00e2m<\/p>\n\n\n\n<p>theo \u0111u\u1ed5i \u01b0\u1edbc m\u01a1 hay kh\u00f4ng?<\/p>\n\n\n\n<p><a>R\u1ea5t mong \u0111\u01b0\u1ee3c h\u1ee3p t\u00e1c, b\u1eaft tay c\u00f9ng nhau ph\u00e1t tri\u1ec3n v\u1edbi c\u00e1c b\u1ea1n v\u00e0 qu\u00fd kh\u00e1ch h\u00e0ng!<\/a><\/p>\n\n\n\n<p>M\u1ed9t l\u1ea7n n\u1eefa xin g\u1eedi \u0111\u1ebfn t\u1ea5t c\u1ea3 c\u00e1c Qu\u00fd v\u1ecb l\u1eddi c\u1ea3m \u01a1n s\u00e2u s\u1eafc nh\u1ea5t!<\/p>\n","protected":false},"excerpt":{"rendered":"<p>K\u00cdNH G\u1eecI QU\u00dd KH\u00c1CH H\u00c0NG! C\u00f4ng ty S\u01a0N LI\u00caN DOANH VI\u1ec6T NH\u1eacT&nbsp;L\u00e0 c\u00f4ng ty s\u1ea3n xu\u1ea5t v\u00e0 cung c\u1ea5p&nbsp; \u00fang d\u1ee5ng th\u00e0nh c\u00f4ng v\u1edbi&nbsp;c\u00f4ng ngh\u1ec7 s\u1ea3n xu\u1ea5t ti\u00ean ti\u1ebfn c\u1ee7a Nh\u1eadt b\u1ea3n,&nbsp;S\u01a1n KAPITEX l\u00e0 s\u1ef1 k\u1ebft h\u1ee3p gi\u1eefa ch\u1ea5t li\u1ec7u nh\u1ef1a acrylic, b\u1ed9t kho\u00e1ng, ch\u1ea5t m\u00e0u kh\u00f4ng ch\u1ee9a ch\u00ec v\u00e0 th\u1ee7y ng\u00e2n t\u1ea1o n\u00ean s\u1ea3n ph\u1ea9m s\u01a1n nh\u0169 t\u01b0\u01a1ng g\u1ed1c n\u01b0\u1edbc c\u00f3 ch\u1ea5t l\u01b0\u1ee3ng v\u01b0\u1ee3t tr\u1ed9i, th\u00e2n thi\u1ec7n v\u1edbi m\u00f4i tr\u01b0\u1eddng, gi\u1eef g\u00ecn \u0111\u1ed9 b\u1ec1n m\u00e0u s\u1eafc, n\u00e2ng cao tu\u1ed5i th\u1ecd c\u00f4ng tr\u00ecnh. &#8211; Hi\u1ec7n nay, v\u1edbi nhu c\u1ea7u m\u1edf r\u1ed9ng th\u1ecb tr\u01b0\u1eddng tr\u00ean c\u1ea3 n\u01b0\u1edbc v\u00e0 mong mu\u1ed1n g\u1eedi<\/p>\n","protected":false},"author":1,"featured_media":0,"parent":0,"menu_order":0,"comment_status":"closed","ping_status":"closed","template":"","meta":{"om_disable_all_campaigns":false,"_monsterinsights_skip_tracking":false,"_monsterinsights_sitenote_active":false,"_monsterinsights_sitenote_note":"","_monsterinsights_sitenote_category":0,"footnotes":""},"aioseo_notices":[],"_links":{"self":[{"href":"https:\/\/kapitexpaint.com\/index.php\/wp-json\/wp\/v2\/pages\/52"}],"collection":[{"href":"https:\/\/kapitexpaint.com\/index.php\/wp-json\/wp\/v2\/pages"}],"about":[{"href":"https:\/\/kapitexpaint.com\/index.php\/wp-json\/wp\/v2\/types\/page"}],"author":[{"embeddable":true,"href":"https:\/\/kapitexpaint.com\/index.php\/wp-json\/wp\/v2\/users\/1"}],"replies":[{"embeddable":true,"href":"https:\/\/kapitexpaint.com\/index.php\/wp-json\/wp\/v2\/comments?post=52"}],"version-history":[{"count":1,"href":"https:\/\/kapitexpaint.com\/index.php\/wp-json\/wp\/v2\/pages\/52\/revisions"}],"predecessor-version":[{"id":54,"href":"https:\/\/kapitexpaint.com\/index.php\/wp-json\/wp\/v2\/pages\/52\/revisions\/54"}],"wp:attachment":[{"href":"https:\/\/kapitexpaint.com\/index.php\/wp-json\/wp\/v2\/media?parent=52"}],"curies":[{"name":"wp","href":"https:\/\/api.w.org\/{rel}","templated":true}]}}