{"id":56,"date":"2022-07-29T02:20:40","date_gmt":"2022-07-29T02:20:40","guid":{"rendered":"https:\/\/kapitexpaint.com\/?page_id=56"},"modified":"2022-07-29T02:20:40","modified_gmt":"2022-07-29T02:20:40","slug":"thanh-toan","status":"publish","type":"page","link":"https:\/\/kapitexpaint.com\/index.php\/thanh-toan\/","title":{"rendered":"Thanh to\u00e1n"},"content":{"rendered":"\n<figure class=\"wp-block-table\"><table><tbody><tr><td><strong>Mua h\u00e0ng v\u00e0 thanh to\u00e1n<\/strong><\/td><\/tr><tr><td>I. H\u00ecnh th\u1ee9c thanh to\u00e1n s\u1ebd \u0111\u01b0\u1ee3c ph\u00eda c\u00f4ng ty v\u00e0 kh\u00e1ch h\u00e0ng, nh\u00e0 ph\u00e2n ph\u1ed1i c\u00f9ng quy\u1ebft \u0111\u1ecbnh <br>1. Thanh to\u00e1n tr\u1ef1c ti\u1ebfp b\u1eb1ng ti\u1ec1n m\u1eb7t\u00a0 <br>2. Thanh to\u00e1n qua chuy\u1ec3n kho\u1ea3n<br>II. H\u00ecnh th\u1ee9c \u0111\u1ed5i tr\u1ea3 \u0111\u01b0\u1ee3c ph\u00eda c\u00f4ng ty v\u00e0 kh\u00e1ch h\u00e0ng, nh\u00e0 ph\u00e2n ph\u1ed1i c\u00f9ng xem x\u00e9t v\u1ea5n \u0111\u1ec1 v\u00e0 \u0111\u01b0a ra quy\u1ebft \u0111\u1ecbnh T\u1ea5t c\u1ea3 c\u00e1c v\u1ea5n \u0111\u1ec1 li\u00ean quan \u0111\u1ebfn \u0111\u01a1n h\u00e0ng (bao g\u1ed3m: \u0111\u1eb7t m\u1edbi, \u0111\u1ed5i tr\u1ea3, ho\u00e0n ti\u1ec1n) <br>&#8211; Li\u00ean h\u1ec7 tr\u1ef1c ti\u1ebfp\u00a0 Mrs&#8230;&#8230;&#8230;&#8230; &#8211; Chuy\u00ean vi\u00ean d\u1ecbch v\u1ee5 kh\u00e1ch h\u00e0ng &#8211; \u0110T: &#8230;&#8230;&#8230;&#8230;&#8230;&#8230;&#8230;&#8230;&#8230;&#8230;&#8230;..<\/td><\/tr><\/tbody><\/table><\/figure>\n","protected":false},"excerpt":{"rendered":"<p>Mua h\u00e0ng v\u00e0 thanh to\u00e1n I. H\u00ecnh th\u1ee9c thanh to\u00e1n s\u1ebd \u0111\u01b0\u1ee3c ph\u00eda c\u00f4ng ty v\u00e0 kh\u00e1ch h\u00e0ng, nh\u00e0 ph\u00e2n ph\u1ed1i c\u00f9ng quy\u1ebft \u0111\u1ecbnh 1. Thanh to\u00e1n tr\u1ef1c ti\u1ebfp b\u1eb1ng ti\u1ec1n m\u1eb7t\u00a0 2. Thanh to\u00e1n qua chuy\u1ec3n kho\u1ea3nII. H\u00ecnh th\u1ee9c \u0111\u1ed5i tr\u1ea3 \u0111\u01b0\u1ee3c ph\u00eda c\u00f4ng ty v\u00e0 kh\u00e1ch h\u00e0ng, nh\u00e0 ph\u00e2n ph\u1ed1i c\u00f9ng xem x\u00e9t v\u1ea5n \u0111\u1ec1 v\u00e0 \u0111\u01b0a ra quy\u1ebft \u0111\u1ecbnh T\u1ea5t c\u1ea3 c\u00e1c v\u1ea5n \u0111\u1ec1 li\u00ean quan \u0111\u1ebfn \u0111\u01a1n h\u00e0ng (bao g\u1ed3m: \u0111\u1eb7t m\u1edbi, \u0111\u1ed5i tr\u1ea3, ho\u00e0n ti\u1ec1n) &#8211; Li\u00ean h\u1ec7 tr\u1ef1c ti\u1ebfp\u00a0 Mrs&#8230;&#8230;&#8230;&#8230; &#8211; Chuy\u00ean vi\u00ean d\u1ecbch v\u1ee5 kh\u00e1ch h\u00e0ng &#8211; \u0110T: &#8230;&#8230;&#8230;&#8230;&#8230;&#8230;&#8230;&#8230;&#8230;&#8230;&#8230;..<\/p>\n","protected":false},"author":1,"featured_media":0,"parent":0,"menu_order":0,"comment_status":"closed","ping_status":"closed","template":"","meta":{"om_disable_all_campaigns":false,"_monsterinsights_skip_tracking":false,"_monsterinsights_sitenote_active":false,"_monsterinsights_sitenote_note":"","_monsterinsights_sitenote_category":0,"footnotes":""},"aioseo_notices":[],"_links":{"self":[{"href":"https:\/\/kapitexpaint.com\/index.php\/wp-json\/wp\/v2\/pages\/56"}],"collection":[{"href":"https:\/\/kapitexpaint.com\/index.php\/wp-json\/wp\/v2\/pages"}],"about":[{"href":"https:\/\/kapitexpaint.com\/index.php\/wp-json\/wp\/v2\/types\/page"}],"author":[{"embeddable":true,"href":"https:\/\/kapitexpaint.com\/index.php\/wp-json\/wp\/v2\/users\/1"}],"replies":[{"embeddable":true,"href":"https:\/\/kapitexpaint.com\/index.php\/wp-json\/wp\/v2\/comments?post=56"}],"version-history":[{"count":1,"href":"https:\/\/kapitexpaint.com\/index.php\/wp-json\/wp\/v2\/pages\/56\/revisions"}],"predecessor-version":[{"id":57,"href":"https:\/\/kapitexpaint.com\/index.php\/wp-json\/wp\/v2\/pages\/56\/revisions\/57"}],"wp:attachment":[{"href":"https:\/\/kapitexpaint.com\/index.php\/wp-json\/wp\/v2\/media?parent=56"}],"curies":[{"name":"wp","href":"https:\/\/api.w.org\/{rel}","templated":true}]}}