{"id":59,"date":"2022-07-29T02:22:04","date_gmt":"2022-07-29T02:22:04","guid":{"rendered":"https:\/\/kapitexpaint.com\/?page_id=59"},"modified":"2022-07-29T02:22:04","modified_gmt":"2022-07-29T02:22:04","slug":"tuyen-dung","status":"publish","type":"page","link":"https:\/\/kapitexpaint.com\/index.php\/tuyen-dung\/","title":{"rendered":"Tuy\u1ec3n d\u1ee5ng"},"content":{"rendered":"\n<p><strong>C\u00f4ng ty ch\u00fang t\u00f4i c\u1ea7n tuy\u1ec3n nh\u00e2n vi\u00ean kinh doanh, ph\u00e1t tri\u1ec3n th\u1ecb tr\u01b0\u1eddng.<\/strong><\/p>\n\n\n\n<p><strong>N\u1ed9i dung c\u00f4ng vi\u1ec7c<\/strong><\/p>\n\n\n\n<p>Tri\u1ec3n khai c\u00e1c ch\u00ednh s\u00e1ch b\u00e1n h\u00e0ng, ch\u01b0\u01a1ng tr\u00ecnh khuy\u1ebfn m\u00e3i, th\u00f4ng b\u00e1o ch\u00ednh th\u1ee9c t\u1eeb c\u00f4ng ty \u0111\u1ec3 NPP hi\u1ec3u v\u00e0 th\u1ef1c hi\u1ec7n hi\u1ec7u qu\u1ea3 theo chi\u1ebfn l\u01b0\u1ee3c kinh doanh chung c\u1ee7a to\u00e0n c\u00f4ng ty<\/p>\n\n\n\n<p>T\u00ecm ki\u1ebfm m\u1edf Nh\u00e0 ph\u00e2n ph\u1ed1i m\u1edbi theo ti\u00eau chu\u1ea9n nh\u1eb1m \u0111\u1ea1t k\u1ebf ho\u1ea1ch ph\u00e1t tri\u1ec3n th\u1ecb tr\u01b0\u1eddng \u0111\u01b0\u1ee3c c\u00f4ng ty giao.<\/p>\n\n\n\n<p>Qu\u1ea3n l\u00fd t\u00ecnh h\u00ecnh kinh doanh c\u1ee7a NPP v\u1ec1 : H\u00e0ng h\u00f3a t\u1ed3n kho, \u0110\u01a1n h\u00e0ng, Doanh s\u1ed1 b\u00e1n ra c\u1ee7a \u0111\u1ed9i b\u00e1n h\u00e0ng t\u1ea1i NPP nh\u1eb1m gia t\u0103ng hi\u1ec7u qu\u1ea3 v\u1ed1n \u0111\u1ea7u t\u01b0 c\u1ee7a NPP, th\u00fac \u0111\u1ea9y vi\u1ec7c ph\u00e1t tri\u1ec3n l\u00e2u \u0111\u1ea1t m\u1ee5c ti\u00eau doanh s\u1ed1 c\u1ee7a c\u00f4ng ty giao.<\/p>\n\n\n\n<p>\u0110\u1ed1i chi\u1ebfu v\u00e0 thu h\u1ed3i c\u00f4ng n\u1ee3<\/p>\n\n\n\n<p><strong>Y\u00eau c\u1ea7u c\u00f4ng vi\u1ec7c<\/strong><\/p>\n\n\n\n<p>T\u1ed1t nghi\u00eap Cao \u0111\u1eb3ng tr\u1edf l\u00ean, \u01b0u ti\u00ean chuy\u00ean ng\u00e0nh kinh doanh, t\u00e0i ch\u00ednh,k\u1ebf to\u00e1n<\/p>\n\n\n\n<p>T\u1eeb 1 n\u0103m kinh nghi\u1ec7m trong ng\u00e0nh S\u01a1n, V\u1eadt li\u1ec7u x\u00e2y d\u1ef1ng; 2 n\u0103m kinh nghi\u1ec7m ng\u00e0nh h\u00e0ng ti\u00eau d\u00f9ng nhanh. \u01afu ti\u00ean c\u00e1c \u1ee9ng vi\u00ean \u0111\u01b0\u1ee3c \u0111\u00e0o t\u1ea1o k\u0129 n\u0103ng sales chuy\u00ean nghi\u1ec7p v\u00e0 b\u00e0i b\u1ea3n.<\/p>\n\n\n\n<p>Kh\u1ea3 n\u0103ng l\u00e3nh \u0111\u1ea1o, giao ti\u1ebfp, n\u1eafm b\u1eaft th\u00f4ng tin, \u0111\u00e0m ph\u00e1n t\u1ed1t.<\/p>\n\n\n\n<p>N\u0103ng \u0111\u1ed9ng, h\u01b0\u1edbng ngo\u1ea1i, c\u00f3 m\u1ee5c ti\u00eau th\u0103ng ti\u1ebfn cao trong s\u1ef1 nghi\u1ec7p.<\/p>\n\n\n\n<p><strong>Quy\u1ec1n l\u1ee3i<\/strong><\/p>\n\n\n\n<p>K\u00ed k\u1ebft H\u0110L\u0110 sau khi th\u1eed vi\u1ec7c<\/p>\n\n\n\n<p>L\u01b0\u01a1ng c\u1ea1nh tranh, th\u01b0\u1edfng doanh s\u1ed1; tr\u1ee3 c\u1ea5p<\/p>\n\n\n\n<p>\u0110\u1ea7y \u0111\u1ee7 ch\u1ebf \u0111\u1ed9 theo quy \u0111\u1ecbnh c\u1ee7a Lu\u1eadt lao \u0111\u1ed9ng v\u00e0 quy \u0111\u1ecbnh c\u00f4ng ty.<\/p>\n\n\n\n<p>Kh\u00e1m s\u1ee9c kh\u1ecfe \u0111\u1ecbnh k\u1ef3 h\u00e0ng n\u0103m<\/p>\n\n\n\n<p>M\u00f4i tr\u01b0\u1eddng l\u00e0m vi\u1ec7c n\u0103ng \u0111\u1ed9ng v\u00e0 chuy\u00ean nghi\u1ec7p<\/p>\n\n\n\n<p>C\u00f3 nhi\u1ec1u c\u01a1 h\u1ed9i th\u0103ng ti\u1ebfn v\u00e0 ph\u00e1t tri\u1ec3n s\u1ef1 nghi\u1ec7p<\/p>\n\n\n\n<p><strong>Li\u00ean h\u1ec7: Mr D\u0169ng: 0977362755, email:&#8230;&#8230;&#8230;&#8230;&#8230;&#8230;&#8230;&#8230;.<\/strong><\/p>\n","protected":false},"excerpt":{"rendered":"<p>C\u00f4ng ty ch\u00fang t\u00f4i c\u1ea7n tuy\u1ec3n nh\u00e2n vi\u00ean kinh doanh, ph\u00e1t tri\u1ec3n th\u1ecb tr\u01b0\u1eddng. N\u1ed9i dung c\u00f4ng vi\u1ec7c Tri\u1ec3n khai c\u00e1c ch\u00ednh s\u00e1ch b\u00e1n h\u00e0ng, ch\u01b0\u01a1ng tr\u00ecnh khuy\u1ebfn m\u00e3i, th\u00f4ng b\u00e1o ch\u00ednh th\u1ee9c t\u1eeb c\u00f4ng ty \u0111\u1ec3 NPP hi\u1ec3u v\u00e0 th\u1ef1c hi\u1ec7n hi\u1ec7u qu\u1ea3 theo chi\u1ebfn l\u01b0\u1ee3c kinh doanh chung c\u1ee7a to\u00e0n c\u00f4ng ty T\u00ecm ki\u1ebfm m\u1edf Nh\u00e0 ph\u00e2n ph\u1ed1i m\u1edbi theo ti\u00eau chu\u1ea9n nh\u1eb1m \u0111\u1ea1t k\u1ebf ho\u1ea1ch ph\u00e1t tri\u1ec3n th\u1ecb tr\u01b0\u1eddng \u0111\u01b0\u1ee3c c\u00f4ng ty giao. Qu\u1ea3n l\u00fd t\u00ecnh h\u00ecnh kinh doanh c\u1ee7a NPP v\u1ec1 : H\u00e0ng h\u00f3a t\u1ed3n kho, \u0110\u01a1n h\u00e0ng, Doanh s\u1ed1 b\u00e1n ra c\u1ee7a \u0111\u1ed9i b\u00e1n h\u00e0ng<\/p>\n","protected":false},"author":1,"featured_media":0,"parent":0,"menu_order":0,"comment_status":"closed","ping_status":"closed","template":"","meta":{"om_disable_all_campaigns":false,"_monsterinsights_skip_tracking":false,"_monsterinsights_sitenote_active":false,"_monsterinsights_sitenote_note":"","_monsterinsights_sitenote_category":0,"footnotes":""},"aioseo_notices":[],"_links":{"self":[{"href":"https:\/\/kapitexpaint.com\/index.php\/wp-json\/wp\/v2\/pages\/59"}],"collection":[{"href":"https:\/\/kapitexpaint.com\/index.php\/wp-json\/wp\/v2\/pages"}],"about":[{"href":"https:\/\/kapitexpaint.com\/index.php\/wp-json\/wp\/v2\/types\/page"}],"author":[{"embeddable":true,"href":"https:\/\/kapitexpaint.com\/index.php\/wp-json\/wp\/v2\/users\/1"}],"replies":[{"embeddable":true,"href":"https:\/\/kapitexpaint.com\/index.php\/wp-json\/wp\/v2\/comments?post=59"}],"version-history":[{"count":1,"href":"https:\/\/kapitexpaint.com\/index.php\/wp-json\/wp\/v2\/pages\/59\/revisions"}],"predecessor-version":[{"id":60,"href":"https:\/\/kapitexpaint.com\/index.php\/wp-json\/wp\/v2\/pages\/59\/revisions\/60"}],"wp:attachment":[{"href":"https:\/\/kapitexpaint.com\/index.php\/wp-json\/wp\/v2\/media?parent=59"}],"curies":[{"name":"wp","href":"https:\/\/api.w.org\/{rel}","templated":true}]}}